{"id":327,"date":"2020-09-09T17:55:08","date_gmt":"2020-09-09T17:55:08","guid":{"rendered":"https:\/\/demosites.io\/shop-gb\/?page_id=265"},"modified":"2024-05-23T19:34:58","modified_gmt":"2024-05-23T19:34:58","slug":"52e3e-home","status":"publish","type":"page","link":"https:\/\/www.pcttruffels.nl\/blog\/","title":{"rendered":"Home"},"content":{"rendered":"\n<div id=\"wp-block-themeisle-blocks-advanced-columns-c8344406\" class=\"wp-block-themeisle-blocks-advanced-columns alignfull has-1-columns has-desktop-equal-layout has-tablet-equal-layout has-mobile-equal-layout has-vertical-center\">\n    <div class=\"wp-block-themeisle-blocks-advanced-columns-overlay\"><\/div>\n    <div class=\"innerblocks-wrap\" style=\"text-align: center;\">\n        \n<div id=\"wp-block-themeisle-blocks-advanced-column-4bd7d540\" class=\"wp-block-themeisle-blocks-advanced-column\" style=\"text-align: center;\">\n            \n<h1 class=\"wp-block-heading has-text-align-center has-text-color\" style=\"color:#ffffff\">Slagroomtruffels en Chocolade zijn mijn passie, en dat proef je!<\/h1>\n            \n<p class=\"has-text-align-center has-text-color\" style=\"color:#ffffff\">Kijk in mijn online winkel voor de lekkerste deals!<\/p>\n            \n<div class=\"wp-block-buttons\" style=\"justify-content: center;\">\n                \n<div class=\"wp-block-button is-style-primary\">\n                    <a class=\"wp-block-button__link wp-element-button\" href=\"https:\/\/www.pcttruffels.nl\/blog\/52e3e-shop\/\">Bekijk alle producten<\/a>\n                <\/div>\n                \n<div class=\"wp-block-button is-style-primary\">\n                    <a class=\"wp-block-button__link wp-element-button\" href=\"https:\/\/www.pcttruffels.nl\/blog\/product\/verrassingsdoos-aanbieding\/\">verrassingsdoos AANBIEDING<\/a>\n                <\/div>\n            <\/div>\n            \n<p><\/p>\n            \n<div style=\"height:40px\" aria-hidden=\"true\" class=\"wp-block-spacer\"><\/div>\n        <\/div>\n    <\/div>\n<\/div>\n\n\n\n<div class=\"wp-block-group alignfull\"><div class=\"wp-block-group__inner-container is-layout-flow wp-block-group-is-layout-flow\">\n<div id=\"wp-block-themeisle-blocks-advanced-columns-8a6d31f1\" class=\"wp-block-themeisle-blocks-advanced-columns alignfull has-1-columns has-desktop-equal-layout has-tablet-equal-layout has-mobile-equal-layout has-vertical-flex-start has-light-bg\">\n        <div class=\"wp-block-themeisle-blocks-advanced-columns-overlay\"><\/div>\n        <div class=\"innerblocks-wrap\" style=\"text-align: center;\">\n            \n\n<div id=\"wp-block-themeisle-blocks-advanced-column-f1803320\" class=\"wp-block-themeisle-blocks-advanced-column\" style=\"text-align: center;\">\n                \n\n<div class=\"wp-block-cover is-light\" style=\"min-height:100vh; display: flex; justify-content: center; align-items: center; text-align: center;aspect-ratio:unset;\">\n                    <span aria-hidden=\"true\" class=\"wp-block-cover__background has-background-dim\"><\/span>\n                    <img loading=\"lazy\" decoding=\"async\" width=\"724\" height=\"1024\" class=\"wp-block-cover__image-background wp-image-1018\" alt=\"\" src=\"https:\/\/www.pcttruffels.nl\/blog\/wp-content\/uploads\/2023\/11\/kerstflyer-724x1024.jpg\" data-object-fit=\"cover\" srcset=\"https:\/\/www.pcttruffels.nl\/blog\/wp-content\/uploads\/2023\/11\/kerstflyer-724x1024.jpg 724w, https:\/\/www.pcttruffels.nl\/blog\/wp-content\/uploads\/2023\/11\/kerstflyer-212x300.jpg 212w, https:\/\/www.pcttruffels.nl\/blog\/wp-content\/uploads\/2023\/11\/kerstflyer-768x1086.jpg 768w, https:\/\/www.pcttruffels.nl\/blog\/wp-content\/uploads\/2023\/11\/kerstflyer-1086x1536.jpg 1086w, https:\/\/www.pcttruffels.nl\/blog\/wp-content\/uploads\/2023\/11\/kerstflyer-600x849.jpg 600w, https:\/\/www.pcttruffels.nl\/blog\/wp-content\/uploads\/2023\/11\/kerstflyer-64x91.jpg 64w, https:\/\/www.pcttruffels.nl\/blog\/wp-content\/uploads\/2023\/11\/kerstflyer.jpg 1240w\" sizes=\"auto, (max-width: 724px) 100vw, 724px\" \/>\n                    <div class=\"wp-block-cover__inner-container is-layout-flow wp-block-cover-is-layout-flow\" style=\"display: flex; justify-content: center; align-items: center; text-align: center;\">\n                        \n\n<p class=\"has-text-align-center has-large-font-size\"><\/p>\n\n                    <\/div>\n                <\/div>\n\n                \n\n<h2 class=\"wp-block-heading alignwide has-text-align-center\">Uniek Cadeau!<\/h2>\n\n                \n\n<p class=\"has-text-align-center\"><strong>Bel, mail of app ons voor de<\/strong> <strong>nieuwe kerstflyer met alle mogelijkheden qua verpakkingen en inhoud&#8230;. mobiel: 06-17758416 E. pct.truffels@ziggo.nl <\/strong><\/p>\n\n                \n\n<p class=\"has-text-align-center has-medium-font-size\"><em>Een cadeau zegt niet alleen iets over de ontvanger, maar ook iets over jezelf, ga voor<\/em> <em>handgemaakt genieten met PCT chocoladetruffels <\/em><br><\/p>\n\n                \n\n<div id=\"wp-block-themeisle-blocks-advanced-columns-c5ce80cd\" class=\"wp-block-themeisle-blocks-advanced-columns has-3-columns has-desktop-equal-layout has-tablet-equal-layout has-mobile-collapsedRows-layout has-vertical-unset\">\n                    <div class=\"wp-block-themeisle-blocks-advanced-columns-overlay\"><\/div>\n                    <div class=\"innerblocks-wrap\" style=\"text-align: center;\">\n                        \n\n<div id=\"wp-block-themeisle-blocks-advanced-column-71e619ab\" class=\"wp-block-themeisle-blocks-advanced-column\" style=\"text-align: center;\">\n                            \n\n<div class=\"wp-block-themeisle-blocks-service\">\n                                \n\n<div id=\"wp-block-themeisle-blocks-font-awesome-icons-d989cfe8\" class=\"wp-block-themeisle-blocks-font-awesome-icons\">\n                                    <span class=\"wp-block-themeisle-blocks-font-awesome-icons-container\"><i class=\"fas fa-gift\"><\/i><\/span>\n                                <\/div>\n\n                                \n\n<h3 class=\"wp-block-heading has-text-align-center\">HANDGEMAAKTE PRODUCTEN<\/h3>\n\n                                \n\n<p class=\"has-text-align-center has-neve-text-color-color has-text-color\">Een zelf samengesteld boeket is vaak mooier dan een supermarkt bosje, dat is ook zo met chocolade, de liefde die je er in stopt, zie je niet alleen, maar proef je er ook in terug.. <\/p>\n\n                            <\/div>\n\n                        <\/div>\n\n                        \n\n<div id=\"wp-block-themeisle-blocks-advanced-column-8a408868\" class=\"wp-block-themeisle-blocks-advanced-column\" style=\"text-align: center;\">\n                            \n\n<div class=\"wp-block-themeisle-blocks-service\">\n                                \n\n<div id=\"wp-block-themeisle-blocks-font-awesome-icons-d7f60e4b\" class=\"wp-block-themeisle-blocks-font-awesome-icons\">\n                                    <span class=\"wp-block-themeisle-blocks-font-awesome-icons-container\"><i class=\"fas fa-globe\"><\/i><\/span>\n                                <\/div>\n\n                                \n\n<h3 class=\"wp-block-heading has-text-align-center\">SNEL BESCHIKBAAR<\/h3>\n\n                                \n\n<p class=\"has-text-align-center has-neve-text-color-color has-text-color\">Ondanks dat de truffels handgemaakt worden is er een vrij korte levertijd, bijna alle bestellingen kunnen binnen \u00e9\u00e9n \u00e0 2 dagen worden opgehaald (Afhaaladres: Heerenweg 57-10, 1768 BH  Barsingerhorn of tijdens kantooruren op Versterkerstraat 12 in Almere &amp; we komen ook regelmatig in Hoofddorp en kunnen we ook daar bezorgen! Vraag naar de mogelijkheden).<\/p>\n\n                            <\/div>\n\n                        <\/div>\n\n                        \n\n<div id=\"wp-block-themeisle-blocks-advanced-column-ccb2020b\" class=\"wp-block-themeisle-blocks-advanced-column\" style=\"text-align: center;\">\n                            \n\n<div class=\"wp-block-themeisle-blocks-service\">\n                                \n\n<div id=\"wp-block-themeisle-blocks-font-awesome-icons-e25635a2\" class=\"wp-block-themeisle-blocks-font-awesome-icons\">\n                                    <span class=\"wp-block-themeisle-blocks-font-awesome-icons-container\"><i class=\"fas fa-star\"><\/i><\/span>\n                                <\/div>\n\n                                \n\n<h3 class=\"wp-block-heading has-text-align-center\">100% TEVREDENHEID<\/h3>\n\n                                \n\n<p class=\"has-text-align-center\">Voor minder dan 100% tevredenheid doen we het niet. Mocht er iets mis zijn met de afgenomen truffels, laat het ons weten, dan kun je altijd een nieuwe portie krijgen of je geld terug!<\/p>\n\n                            <\/div>\n\n                        <\/div>\n\n                    <\/div>\n                <\/div>\n\n            <\/div>\n        <\/div>\n    <\/div>\n\n<\/div>\n\n\n\n<div id=\"wp-block-themeisle-blocks-advanced-columns-80828da9\" class=\"wp-block-themeisle-blocks-advanced-columns alignfull has-1-columns has-desktop-equal-layout has-tablet-equal-layout has-mobile-equal-layout has-vertical-unset\">\n    <div class=\"wp-block-themeisle-blocks-advanced-columns-overlay\"><\/div>\n    <div class=\"innerblocks-wrap\" style=\"text-align: center;\">\n        \n<div id=\"wp-block-themeisle-blocks-advanced-column-af2b28ee\" class=\"wp-block-themeisle-blocks-advanced-column\" style=\"text-align: center;\">\n            \n<h2 class=\"wp-block-heading has-text-align-center has-nv-text-dark-bg-color has-text-color\" style=\"font-size:30px\">GEEF NIET HETZELFDE ALS ALLE ANDEREN.<\/h2>\n        <\/div>\n    <\/div>\n<\/div>\n<\/div><\/div>\n","protected":false},"excerpt":{"rendered":"<p>Slagroomtruffels en Chocolade zijn mijn passie, en dat proef je! Kijk in mijn online winkel voor de lekkerste deals! Bekijk alle producten verrassingsdoos AANBIEDING GEEF NIET HETZELFDE ALS ALLE ANDEREN.<\/p>\n","protected":false},"author":1,"featured_media":0,"parent":0,"menu_order":0,"comment_status":"closed","ping_status":"closed","template":"","meta":{"neve_meta_sidebar":"full-width","neve_meta_container":"","neve_meta_enable_content_width":"on","neve_meta_content_width":100,"neve_meta_title_alignment":"","neve_meta_author_avatar":"","neve_post_elements_order":"","neve_meta_disable_header":"","neve_meta_disable_footer":"","neve_meta_disable_title":"on","_themeisle_gutenberg_block_has_review":false,"footnotes":""},"class_list":["post-327","page","type-page","status-publish","hentry"],"_links":{"self":[{"href":"https:\/\/www.pcttruffels.nl\/blog\/wp-json\/wp\/v2\/pages\/327","targetHints":{"allow":["GET"]}}],"collection":[{"href":"https:\/\/www.pcttruffels.nl\/blog\/wp-json\/wp\/v2\/pages"}],"about":[{"href":"https:\/\/www.pcttruffels.nl\/blog\/wp-json\/wp\/v2\/types\/page"}],"author":[{"embeddable":true,"href":"https:\/\/www.pcttruffels.nl\/blog\/wp-json\/wp\/v2\/users\/1"}],"replies":[{"embeddable":true,"href":"https:\/\/www.pcttruffels.nl\/blog\/wp-json\/wp\/v2\/comments?post=327"}],"version-history":[{"count":53,"href":"https:\/\/www.pcttruffels.nl\/blog\/wp-json\/wp\/v2\/pages\/327\/revisions"}],"predecessor-version":[{"id":1074,"href":"https:\/\/www.pcttruffels.nl\/blog\/wp-json\/wp\/v2\/pages\/327\/revisions\/1074"}],"wp:attachment":[{"href":"https:\/\/www.pcttruffels.nl\/blog\/wp-json\/wp\/v2\/media?parent=327"}],"curies":[{"name":"wp","href":"https:\/\/api.w.org\/{rel}","templated":true}]}}